{"id":2,"date":"2016-01-15T09:31:23","date_gmt":"2016-01-15T09:31:23","guid":{"rendered":"http:\/\/79.170.44.82\/dinaraklinton.com\/?page_id=2"},"modified":"2021-02-27T20:02:06","modified_gmt":"2021-02-27T20:02:06","slug":"home","status":"publish","type":"page","link":"https:\/\/dinaraklinton.com\/fr\/","title":{"rendered":"Accueil"},"content":{"rendered":"<p><\/p>\n<h2 class=\"p1\" style=\"text-align: center;\"><span class=\"s1\">Nouveau CD<br \/>\nProkofiev Sonates compl\u00e8tes pour piano<\/span><\/h2>\n<p>&nbsp;<\/p>\n<p><img decoding=\"async\" loading=\"lazy\" class=\"size-thumbnail wp-image-191 aligncenter\" src=\" https:\/\/dinaraklinton.com\/wp-content\/uploads\/2021\/02\/album.jpg\" alt=\"album\" width=\"150\" height=\"150\" \/><\/p>\n<h3 class=\"p1\" style=\"text-align: center;\"><span class=\"s1\">est disponible \u00e0 l&rsquo;achat ici<br \/>\n<\/span><span class=\"s1\">\u00c9coutez sur <span style=\"color: #ff99cc;\"><a style=\"color: #ff99cc;\" href=\"https:\/\/music.apple.com\/gh\/album\/prokofiev-complete-piano-sonatas\/1550291849\" target=\"_blank\" rel=\"noopener noreferrer\">iTunes,<\/a><\/span><span style=\"color: #ff99cc;\"><a style=\"color: #ff99cc;\" href=\"https:\/\/open.spotify.com\/album\/099tNhMYcdJOL3qLWfFp5U\" target=\"_blank\" rel=\"noopener noreferrer\">Spotify<\/a><\/span><\/span><\/h3>\n<div class=\"col-1-1 cta-home\">\n<div class=\"external-link-home\" style=\"text-align: center;\"><a class=\"concert-link\" href=\"https:\/\/dinaraklinton.com\/discography\/\">Plus d&rsquo;informations<\/a><\/div>\n<\/div>\n<p><\/p>","protected":false},"excerpt":{"rendered":"<p>Nouveau CD Prokofiev Sonates compl\u00e8tes pour piano &nbsp; est disponible \u00e0 l&rsquo;achat ici \u00c9coutez sur iTunes,Spotify Plus d&rsquo;informations<\/p>\n","protected":false},"author":1,"featured_media":0,"parent":0,"menu_order":0,"comment_status":"closed","ping_status":"closed","template":"1-PAGE-home-page.php","meta":[],"_links":{"self":[{"href":"https:\/\/dinaraklinton.com\/fr\/wp-json\/wp\/v2\/pages\/2"}],"collection":[{"href":"https:\/\/dinaraklinton.com\/fr\/wp-json\/wp\/v2\/pages"}],"about":[{"href":"https:\/\/dinaraklinton.com\/fr\/wp-json\/wp\/v2\/types\/page"}],"author":[{"embeddable":true,"href":"https:\/\/dinaraklinton.com\/fr\/wp-json\/wp\/v2\/users\/1"}],"replies":[{"embeddable":true,"href":"https:\/\/dinaraklinton.com\/fr\/wp-json\/wp\/v2\/comments?post=2"}],"version-history":[{"count":60,"href":"https:\/\/dinaraklinton.com\/fr\/wp-json\/wp\/v2\/pages\/2\/revisions"}],"predecessor-version":[{"id":975,"href":"https:\/\/dinaraklinton.com\/fr\/wp-json\/wp\/v2\/pages\/2\/revisions\/975"}],"wp:attachment":[{"href":"https:\/\/dinaraklinton.com\/fr\/wp-json\/wp\/v2\/media?parent=2"}],"curies":[{"name":"wp","href":"https:\/\/api.w.org\/{rel}","templated":true}]}}