{"id":22,"date":"2016-01-15T12:45:29","date_gmt":"2016-01-15T12:45:29","guid":{"rendered":"http:\/\/79.170.44.82\/dinaraklinton.com\/?page_id=22"},"modified":"2019-12-31T00:13:21","modified_gmt":"2019-12-31T00:13:21","slug":"live","status":"publish","type":"page","link":"https:\/\/dinaraklinton.com\/de\/live\/","title":{"rendered":"Live"},"content":{"rendered":"<p>Hier k\u00f6nnen Sie Live &#8211; Audio &#8211; Aufzeichnungen von Dinara Klinton h\u00f6ren. Bei Interesse k\u00f6nnen Sie auch die Seiten <a href=\"http:\/\/37.61.239.99\/~dinarakl\/video\/\">\u201eVideo\u201c<\/a> und <a href=\"http:\/\/37.61.239.99\/~dinarakl\/discography\/\">\u201eDiskographie\u201c <\/a>aufrufen. Abonnieren Sie die Seiten von Dinara Klinton auf <a href=\"https:\/\/www.facebook.com\/dinaratrans\/\" target=\"_blank\" rel=\"noopener noreferrer\">Facebook<\/a>, <a href=\"https:\/\/twitter.com\/DinaraKlinton\" target=\"_blank\" rel=\"noopener noreferrer\">Twitter<\/a>, <a href=\"https:\/\/www.youtube.com\/user\/vzaimno\" target=\"_blank\" rel=\"noopener noreferrer\">YouTube<\/a> um immer in Kontakt zu bleiben oder senden Sie eine Nachricht <a href=\"http:\/\/37.61.239.99\/~dinarakl\/contact\/\">hier<\/a>.<\/p>","protected":false},"excerpt":{"rendered":"<p>Hier k\u00f6nnen Sie Live &#8211; Audio &#8211; Aufzeichnungen von Dinara Klinton h\u00f6ren. Bei Interesse k\u00f6nnen Sie auch die Seiten \u201eVideo\u201c und \u201eDiskographie\u201c aufrufen. Abonnieren Sie die Seiten von Dinara Klinton auf Facebook, Twitter, YouTube um immer in Kontakt zu bleiben oder senden Sie eine Nachricht hier.<\/p>\n","protected":false},"author":1,"featured_media":126,"parent":0,"menu_order":0,"comment_status":"closed","ping_status":"closed","template":"live.php","meta":[],"_links":{"self":[{"href":"https:\/\/dinaraklinton.com\/de\/wp-json\/wp\/v2\/pages\/22"}],"collection":[{"href":"https:\/\/dinaraklinton.com\/de\/wp-json\/wp\/v2\/pages"}],"about":[{"href":"https:\/\/dinaraklinton.com\/de\/wp-json\/wp\/v2\/types\/page"}],"author":[{"embeddable":true,"href":"https:\/\/dinaraklinton.com\/de\/wp-json\/wp\/v2\/users\/1"}],"replies":[{"embeddable":true,"href":"https:\/\/dinaraklinton.com\/de\/wp-json\/wp\/v2\/comments?post=22"}],"version-history":[{"count":32,"href":"https:\/\/dinaraklinton.com\/de\/wp-json\/wp\/v2\/pages\/22\/revisions"}],"predecessor-version":[{"id":903,"href":"https:\/\/dinaraklinton.com\/de\/wp-json\/wp\/v2\/pages\/22\/revisions\/903"}],"wp:featuredmedia":[{"embeddable":true,"href":"https:\/\/dinaraklinton.com\/de\/wp-json\/wp\/v2\/media\/126"}],"wp:attachment":[{"href":"https:\/\/dinaraklinton.com\/de\/wp-json\/wp\/v2\/media?parent=22"}],"curies":[{"name":"wp","href":"https:\/\/api.w.org\/{rel}","templated":true}]}}